{"id":2407,"date":"2023-05-04T16:41:18","date_gmt":"2023-05-04T16:41:18","guid":{"rendered":"https:\/\/madadesk.agency\/?page_id=2407"},"modified":"2023-05-04T17:41:36","modified_gmt":"2023-05-04T17:41:36","slug":"nos-services-copy","status":"publish","type":"page","link":"https:\/\/madadesk.agency\/index.php\/nos-services-copy\/","title":{"rendered":"Nos Services &#8211; Copy"},"content":{"rendered":"\t\t<div data-elementor-type=\"wp-page\" data-elementor-id=\"2407\" class=\"elementor elementor-2407\">\n\t\t\t\t\t\t<section class=\"elementor-section elementor-top-section elementor-element elementor-element-055273d elementor-section-full_width elementor-section-height-default elementor-section-height-default\" data-id=\"055273d\" data-element_type=\"section\">\n\t\t\t\t\t\t<div class=\"elementor-container elementor-column-gap-default\">\n\t\t\t\t\t<div class=\"elementor-column elementor-col-100 elementor-top-column elementor-element elementor-element-3616ee5 elementor-invisible\" data-id=\"3616ee5\" data-element_type=\"column\" data-settings=\"{&quot;background_background&quot;:&quot;classic&quot;,&quot;animation&quot;:&quot;slideInDown&quot;}\">\n\t\t\t<div class=\"elementor-widget-wrap elementor-element-populated\">\n\t\t\t\t\t\t<section class=\"elementor-section elementor-inner-section elementor-element elementor-element-7aa0ade elementor-section-boxed elementor-section-height-default elementor-section-height-default\" data-id=\"7aa0ade\" data-element_type=\"section\">\n\t\t\t\t\t\t<div class=\"elementor-container elementor-column-gap-default\">\n\t\t\t\t\t<div class=\"elementor-column elementor-col-50 elementor-inner-column elementor-element elementor-element-f346b2b\" data-id=\"f346b2b\" data-element_type=\"column\" data-settings=\"{&quot;background_background&quot;:&quot;classic&quot;}\">\n\t\t\t<div class=\"elementor-widget-wrap elementor-element-populated\">\n\t\t\t\t\t\t<div class=\"elementor-element elementor-element-40e4ac2 elementor-widget elementor-widget-heading\" data-id=\"40e4ac2\" data-element_type=\"widget\" data-widget_type=\"heading.default\">\n\t\t\t\t<div class=\"elementor-widget-container\">\n\t\t\t\t\t<h2 class=\"elementor-heading-title elementor-size-default\">MADADESK A VOTRE SERVICE<\/h2>\t\t\t\t<\/div>\n\t\t\t\t<\/div>\n\t\t\t\t<div class=\"elementor-element elementor-element-1572a66 elementor-widget__width-initial elementor-widget elementor-widget-text-editor\" data-id=\"1572a66\" data-element_type=\"widget\" data-widget_type=\"text-editor.default\">\n\t\t\t\t<div class=\"elementor-widget-container\">\n\t\t\t\t\t\t\t\t\t<p style=\"text-align: center;\"><strong><span style=\"color: #808080;\">Confiez vos t\u00e2ches secondaires \u00e0\u00a0un(e) assistant(e) pour \u00eatre plus\u00a0efficace dans vos activit\u00e9s<\/span><\/strong><\/p>\t\t\t\t\t\t\t\t<\/div>\n\t\t\t\t<\/div>\n\t\t\t\t<div class=\"elementor-element elementor-element-4c8bd84 elementor-widget elementor-widget-spacer\" data-id=\"4c8bd84\" data-element_type=\"widget\" data-widget_type=\"spacer.default\">\n\t\t\t\t<div class=\"elementor-widget-container\">\n\t\t\t\t\t\t\t<div class=\"elementor-spacer\">\n\t\t\t<div class=\"elementor-spacer-inner\"><\/div>\n\t\t<\/div>\n\t\t\t\t\t\t<\/div>\n\t\t\t\t<\/div>\n\t\t\t\t<div class=\"elementor-element elementor-element-7d79b57 elementor-align-center elementor-widget elementor-widget-button\" data-id=\"7d79b57\" data-element_type=\"widget\" data-widget_type=\"button.default\">\n\t\t\t\t<div class=\"elementor-widget-container\">\n\t\t\t\t\t\t\t\t\t<div class=\"elementor-button-wrapper\">\n\t\t\t\t\t<a class=\"elementor-button elementor-button-link elementor-size-lg\" href=\"#\">\n\t\t\t\t\t\t<span class=\"elementor-button-content-wrapper\">\n\t\t\t\t\t\t\t\t\t<span class=\"elementor-button-text\">NOUS CONTACTER<\/span>\n\t\t\t\t\t<\/span>\n\t\t\t\t\t<\/a>\n\t\t\t\t<\/div>\n\t\t\t\t\t\t\t\t<\/div>\n\t\t\t\t<\/div>\n\t\t\t\t<div class=\"elementor-element elementor-element-87186e8 elementor-widget elementor-widget-spacer\" data-id=\"87186e8\" data-element_type=\"widget\" data-widget_type=\"spacer.default\">\n\t\t\t\t<div class=\"elementor-widget-container\">\n\t\t\t\t\t\t\t<div class=\"elementor-spacer\">\n\t\t\t<div class=\"elementor-spacer-inner\"><\/div>\n\t\t<\/div>\n\t\t\t\t\t\t<\/div>\n\t\t\t\t<\/div>\n\t\t\t\t\t<\/div>\n\t\t<\/div>\n\t\t\t\t<div class=\"elementor-column elementor-col-50 elementor-inner-column elementor-element elementor-element-2933cb4\" data-id=\"2933cb4\" data-element_type=\"column\">\n\t\t\t<div class=\"elementor-widget-wrap\">\n\t\t\t\t\t\t\t<\/div>\n\t\t<\/div>\n\t\t\t\t\t<\/div>\n\t\t<\/section>\n\t\t\t\t<div class=\"elementor-element elementor-element-0067321 elementor-widget elementor-widget-spacer\" data-id=\"0067321\" data-element_type=\"widget\" data-widget_type=\"spacer.default\">\n\t\t\t\t<div class=\"elementor-widget-container\">\n\t\t\t\t\t\t\t<div class=\"elementor-spacer\">\n\t\t\t<div class=\"elementor-spacer-inner\"><\/div>\n\t\t<\/div>\n\t\t\t\t\t\t<\/div>\n\t\t\t\t<\/div>\n\t\t\t\t<div class=\"elementor-element elementor-element-57c2f0e elementor-widget elementor-widget-spacer\" data-id=\"57c2f0e\" data-element_type=\"widget\" data-widget_type=\"spacer.default\">\n\t\t\t\t<div class=\"elementor-widget-container\">\n\t\t\t\t\t\t\t<div class=\"elementor-spacer\">\n\t\t\t<div class=\"elementor-spacer-inner\"><\/div>\n\t\t<\/div>\n\t\t\t\t\t\t<\/div>\n\t\t\t\t<\/div>\n\t\t\t\t\t<\/div>\n\t\t<\/div>\n\t\t\t\t\t<\/div>\n\t\t<\/section>\n\t\t\t\t<section class=\"elementor-section elementor-top-section elementor-element elementor-element-44b8143 elementor-section-boxed elementor-section-height-default elementor-section-height-default\" data-id=\"44b8143\" data-element_type=\"section\" data-settings=\"{&quot;background_background&quot;:&quot;classic&quot;}\">\n\t\t\t\t\t\t<div class=\"elementor-container elementor-column-gap-default\">\n\t\t\t\t\t<div class=\"elementor-column elementor-col-100 elementor-top-column elementor-element elementor-element-6af8fe8\" data-id=\"6af8fe8\" data-element_type=\"column\">\n\t\t\t<div class=\"elementor-widget-wrap elementor-element-populated\">\n\t\t\t\t\t\t<div class=\"elementor-element elementor-element-46992c7 elementor-widget elementor-widget-spacer\" data-id=\"46992c7\" data-element_type=\"widget\" data-widget_type=\"spacer.default\">\n\t\t\t\t<div class=\"elementor-widget-container\">\n\t\t\t\t\t\t\t<div class=\"elementor-spacer\">\n\t\t\t<div class=\"elementor-spacer-inner\"><\/div>\n\t\t<\/div>\n\t\t\t\t\t\t<\/div>\n\t\t\t\t<\/div>\n\t\t\t\t<div class=\"elementor-element elementor-element-a9c0546 elementor-widget elementor-widget-heading\" data-id=\"a9c0546\" data-element_type=\"widget\" data-widget_type=\"heading.default\">\n\t\t\t\t<div class=\"elementor-widget-container\">\n\t\t\t\t\t<h2 class=\"elementor-heading-title elementor-size-default\">OFFRES ET PRESTATIONS<\/h2>\t\t\t\t<\/div>\n\t\t\t\t<\/div>\n\t\t\t\t<section class=\"elementor-section elementor-inner-section elementor-element elementor-element-2ebd6bf elementor-section-boxed elementor-section-height-default elementor-section-height-default\" data-id=\"2ebd6bf\" data-element_type=\"section\" data-settings=\"{&quot;background_background&quot;:&quot;classic&quot;}\">\n\t\t\t\t\t\t<div class=\"elementor-container elementor-column-gap-default\">\n\t\t\t\t\t<div class=\"elementor-column elementor-col-50 elementor-inner-column elementor-element elementor-element-5fda48d\" data-id=\"5fda48d\" data-element_type=\"column\" data-settings=\"{&quot;background_background&quot;:&quot;classic&quot;}\">\n\t\t\t<div class=\"elementor-widget-wrap elementor-element-populated\">\n\t\t\t\t\t\t<div class=\"elementor-element elementor-element-7e84faa elementor-widget elementor-widget-heading\" data-id=\"7e84faa\" data-element_type=\"widget\" data-widget_type=\"heading.default\">\n\t\t\t\t<div class=\"elementor-widget-container\">\n\t\t\t\t\t<h2 class=\"elementor-heading-title elementor-size-default\"><h2 data-elementor-setting-key=\"title\" data-pen-placeholder=\"\u00c9crivez ici...\" style=\"font-family: var( --e-global-typography-primary-font-family ), Sans-serif;font-weight: var( --e-global-typography-primary-font-weight )\">Gestion du service \u00e0 la client\u00e8le<\/h2><\/h2>\t\t\t\t<\/div>\n\t\t\t\t<\/div>\n\t\t\t\t<div class=\"elementor-element elementor-element-3649d22 elementor-widget elementor-widget-text-editor\" data-id=\"3649d22\" data-element_type=\"widget\" data-widget_type=\"text-editor.default\">\n\t\t\t\t<div class=\"elementor-widget-container\">\n\t\t\t\t\t\t\t\t\t<ul><li><span style=\"color: #333333;\">Prise en charge, triage et r\u00e9ponse aux courriels;<\/span><\/li><li><span style=\"color: #333333;\">Gestion du service apr\u00e8s vente;<\/span><\/li><li><span style=\"color: #333333;\">Optimisation des ventes;<\/span><\/li><li><span style=\"color: #333333;\">Traitement des r\u00e9clamations du client;<\/span><\/li><li><span style=\"color: #333333;\">Accompagnement et assistances des clients.<\/span><\/li><\/ul>\t\t\t\t\t\t\t\t<\/div>\n\t\t\t\t<\/div>\n\t\t\t\t<div class=\"elementor-element elementor-element-ddc1566 elementor-widget elementor-widget-image\" data-id=\"ddc1566\" data-element_type=\"widget\" data-widget_type=\"image.default\">\n\t\t\t\t<div class=\"elementor-widget-container\">\n\t\t\t\t\t\t\t\t\t\t\t\t\t\t\t<img fetchpriority=\"high\" decoding=\"async\" width=\"300\" height=\"199\" src=\"https:\/\/madadesk.agency\/wp-content\/uploads\/2023\/05\/pexels-photo-1591062-300x199.jpeg\" class=\"attachment-medium size-medium wp-image-2444\" alt=\"\" srcset=\"https:\/\/madadesk.agency\/wp-content\/uploads\/2023\/05\/pexels-photo-1591062-300x199.jpeg 300w, https:\/\/madadesk.agency\/wp-content\/uploads\/2023\/05\/pexels-photo-1591062-1024x681.jpeg 1024w, https:\/\/madadesk.agency\/wp-content\/uploads\/2023\/05\/pexels-photo-1591062-768x511.jpeg 768w, https:\/\/madadesk.agency\/wp-content\/uploads\/2023\/05\/pexels-photo-1591062.jpeg 1128w\" sizes=\"(max-width: 300px) 100vw, 300px\" \/>\t\t\t\t\t\t\t\t\t\t\t\t\t\t\t<\/div>\n\t\t\t\t<\/div>\n\t\t\t\t\t<\/div>\n\t\t<\/div>\n\t\t\t\t<div class=\"elementor-column elementor-col-50 elementor-inner-column elementor-element elementor-element-5c28c02\" data-id=\"5c28c02\" data-element_type=\"column\" data-settings=\"{&quot;background_background&quot;:&quot;classic&quot;}\">\n\t\t\t<div class=\"elementor-widget-wrap elementor-element-populated\">\n\t\t\t\t\t\t<div class=\"elementor-element elementor-element-57b9dc1 elementor-widget elementor-widget-heading\" data-id=\"57b9dc1\" data-element_type=\"widget\" data-widget_type=\"heading.default\">\n\t\t\t\t<div class=\"elementor-widget-container\">\n\t\t\t\t\t<h2 class=\"elementor-heading-title elementor-size-default\">Cr\u00e9ation de messages automatiques\/ pr\u00e9-enregistr\u00e9s<\/h2>\t\t\t\t<\/div>\n\t\t\t\t<\/div>\n\t\t\t\t<div class=\"elementor-element elementor-element-8289d11 elementor-widget elementor-widget-text-editor\" data-id=\"8289d11\" data-element_type=\"widget\" data-widget_type=\"text-editor.default\">\n\t\t\t\t<div class=\"elementor-widget-container\">\n\t\t\t\t\t\t\t\t\t<ul><li>Cr\u00e9ation de macros ou r\u00e9ponses pr\u00e9-enregistr\u00e9s;<\/li><li>Personnalisation des e-mails et textes selon votre style et vos attentes;<\/li><li>Redirection et assignation vers diff\u00e9rents responsables.<\/li><\/ul>\t\t\t\t\t\t\t\t<\/div>\n\t\t\t\t<\/div>\n\t\t\t\t<div class=\"elementor-element elementor-element-25f98df elementor-widget elementor-widget-image\" data-id=\"25f98df\" data-element_type=\"widget\" data-widget_type=\"image.default\">\n\t\t\t\t<div class=\"elementor-widget-container\">\n\t\t\t\t\t\t\t\t\t\t\t\t\t\t\t<img decoding=\"async\" width=\"300\" height=\"174\" src=\"https:\/\/madadesk.agency\/wp-content\/uploads\/2023\/04\/web-g60986e426_1920-300x174.jpg\" class=\"attachment-medium size-medium wp-image-2002\" alt=\"\" srcset=\"https:\/\/madadesk.agency\/wp-content\/uploads\/2023\/04\/web-g60986e426_1920-300x174.jpg 300w, https:\/\/madadesk.agency\/wp-content\/uploads\/2023\/04\/web-g60986e426_1920-1024x594.jpg 1024w, https:\/\/madadesk.agency\/wp-content\/uploads\/2023\/04\/web-g60986e426_1920-768x446.jpg 768w, https:\/\/madadesk.agency\/wp-content\/uploads\/2023\/04\/web-g60986e426_1920-1536x891.jpg 1536w, https:\/\/madadesk.agency\/wp-content\/uploads\/2023\/04\/web-g60986e426_1920.jpg 1920w\" sizes=\"(max-width: 300px) 100vw, 300px\" \/>\t\t\t\t\t\t\t\t\t\t\t\t\t\t\t<\/div>\n\t\t\t\t<\/div>\n\t\t\t\t\t<\/div>\n\t\t<\/div>\n\t\t\t\t\t<\/div>\n\t\t<\/section>\n\t\t\t\t<section class=\"elementor-section elementor-inner-section elementor-element elementor-element-8f9f40a elementor-section-boxed elementor-section-height-default elementor-section-height-default\" data-id=\"8f9f40a\" data-element_type=\"section\" data-settings=\"{&quot;background_background&quot;:&quot;classic&quot;}\">\n\t\t\t\t\t\t<div class=\"elementor-container elementor-column-gap-default\">\n\t\t\t\t\t<div class=\"elementor-column elementor-col-50 elementor-inner-column elementor-element elementor-element-564c969\" data-id=\"564c969\" data-element_type=\"column\" data-settings=\"{&quot;background_background&quot;:&quot;classic&quot;}\">\n\t\t\t<div class=\"elementor-widget-wrap elementor-element-populated\">\n\t\t\t\t\t\t<div class=\"elementor-element elementor-element-f654327 elementor-widget elementor-widget-heading\" data-id=\"f654327\" data-element_type=\"widget\" data-widget_type=\"heading.default\">\n\t\t\t\t<div class=\"elementor-widget-container\">\n\t\t\t\t\t<h2 class=\"elementor-heading-title elementor-size-default\">Paiements et facturations des fournisseurs<\/h2>\t\t\t\t<\/div>\n\t\t\t\t<\/div>\n\t\t\t\t<div class=\"elementor-element elementor-element-b666662 elementor-widget elementor-widget-text-editor\" data-id=\"b666662\" data-element_type=\"widget\" data-widget_type=\"text-editor.default\">\n\t\t\t\t<div class=\"elementor-widget-container\">\n\t\t\t\t\t\t\t\t\t<ul>\n<li><span style=\"color: #333333;\">Traitement des factures;&nbsp;<\/span><\/li>\n<li><span style=\"color: #333333;\">Analyse et suivi aupr\u00e8s des fournisseurs;<\/span><\/li>\n<li><span style=\"color: #333333;\">R\u00e9ception des demandes de partenariat;<\/span><\/li>\n<li><span style=\"color: #333333;\">Gestion et planification des r\u00e9unions avec vos prestataires.<br><p><\/p><\/span><\/li>\n<\/ul>\t\t\t\t\t\t\t\t<\/div>\n\t\t\t\t<\/div>\n\t\t\t\t<div class=\"elementor-element elementor-element-497b41d elementor-widget elementor-widget-image\" data-id=\"497b41d\" data-element_type=\"widget\" data-widget_type=\"image.default\">\n\t\t\t\t<div class=\"elementor-widget-container\">\n\t\t\t\t\t\t\t\t\t\t\t\t\t\t\t<img decoding=\"async\" width=\"300\" height=\"200\" src=\"https:\/\/madadesk.agency\/wp-content\/uploads\/2023\/04\/pexels-photo-265087-1-300x200.webp\" class=\"attachment-medium size-medium wp-image-2022\" alt=\"\" srcset=\"https:\/\/madadesk.agency\/wp-content\/uploads\/2023\/04\/pexels-photo-265087-1-300x200.webp 300w, https:\/\/madadesk.agency\/wp-content\/uploads\/2023\/04\/pexels-photo-265087-1-1024x683.webp 1024w, https:\/\/madadesk.agency\/wp-content\/uploads\/2023\/04\/pexels-photo-265087-1-768x512.webp 768w, https:\/\/madadesk.agency\/wp-content\/uploads\/2023\/04\/pexels-photo-265087-1.webp 1125w\" sizes=\"(max-width: 300px) 100vw, 300px\" \/>\t\t\t\t\t\t\t\t\t\t\t\t\t\t\t<\/div>\n\t\t\t\t<\/div>\n\t\t\t\t\t<\/div>\n\t\t<\/div>\n\t\t\t\t<div class=\"elementor-column elementor-col-50 elementor-inner-column elementor-element elementor-element-bd015de\" data-id=\"bd015de\" data-element_type=\"column\" data-settings=\"{&quot;background_background&quot;:&quot;classic&quot;}\">\n\t\t\t<div class=\"elementor-widget-wrap elementor-element-populated\">\n\t\t\t\t\t\t<div class=\"elementor-element elementor-element-2110234 elementor-widget elementor-widget-heading\" data-id=\"2110234\" data-element_type=\"widget\" data-widget_type=\"heading.default\">\n\t\t\t\t<div class=\"elementor-widget-container\">\n\t\t\t\t\t<h2 class=\"elementor-heading-title elementor-size-default\">Gestion du back-office<\/h2>\t\t\t\t<\/div>\n\t\t\t\t<\/div>\n\t\t\t\t<div class=\"elementor-element elementor-element-5835c18 elementor-widget elementor-widget-text-editor\" data-id=\"5835c18\" data-element_type=\"widget\" data-widget_type=\"text-editor.default\">\n\t\t\t\t<div class=\"elementor-widget-container\">\n\t\t\t\t\t\t\t\t\t<ul>\n<li><span style=\"color: #333333;\">Suivi des commandes via le back-office;<\/span><\/li>\n<li><span style=\"color: #333333;\">V\u00e9rification des process sur Woocommerce, Prestashop, Shopify, Wix, etc;<\/span><\/li>\n<li><span style=\"color: #333333;\">Gestion des envois des commandes;<\/span><\/li>\n<li><span style=\"color: #333333;\">Mise \u00e0 jour des statuts.<\/span><\/li>\n<\/ul>\t\t\t\t\t\t\t\t<\/div>\n\t\t\t\t<\/div>\n\t\t\t\t<div class=\"elementor-element elementor-element-f128751 elementor-widget elementor-widget-image\" data-id=\"f128751\" data-element_type=\"widget\" data-widget_type=\"image.default\">\n\t\t\t\t<div class=\"elementor-widget-container\">\n\t\t\t\t\t\t\t\t\t\t\t\t\t\t\t<img loading=\"lazy\" decoding=\"async\" width=\"300\" height=\"199\" src=\"https:\/\/madadesk.agency\/wp-content\/uploads\/2023\/05\/pexels-miguel-a-padrinan-1591057-300x199.jpg\" class=\"attachment-medium size-medium wp-image-2445\" alt=\"\" srcset=\"https:\/\/madadesk.agency\/wp-content\/uploads\/2023\/05\/pexels-miguel-a-padrinan-1591057-300x199.jpg 300w, https:\/\/madadesk.agency\/wp-content\/uploads\/2023\/05\/pexels-miguel-a-padrinan-1591057-1024x681.jpg 1024w, https:\/\/madadesk.agency\/wp-content\/uploads\/2023\/05\/pexels-miguel-a-padrinan-1591057-768x511.jpg 768w, https:\/\/madadesk.agency\/wp-content\/uploads\/2023\/05\/pexels-miguel-a-padrinan-1591057-1536x1021.jpg 1536w, https:\/\/madadesk.agency\/wp-content\/uploads\/2023\/05\/pexels-miguel-a-padrinan-1591057-2048x1362.jpg 2048w\" sizes=\"(max-width: 300px) 100vw, 300px\" \/>\t\t\t\t\t\t\t\t\t\t\t\t\t\t\t<\/div>\n\t\t\t\t<\/div>\n\t\t\t\t\t<\/div>\n\t\t<\/div>\n\t\t\t\t\t<\/div>\n\t\t<\/section>\n\t\t\t\t<section class=\"elementor-section elementor-inner-section elementor-element elementor-element-b8de2a3 elementor-section-boxed elementor-section-height-default elementor-section-height-default\" data-id=\"b8de2a3\" data-element_type=\"section\" data-settings=\"{&quot;background_background&quot;:&quot;classic&quot;}\">\n\t\t\t\t\t\t<div class=\"elementor-container elementor-column-gap-default\">\n\t\t\t\t\t<div class=\"elementor-column elementor-col-50 elementor-inner-column elementor-element elementor-element-4dd5634\" data-id=\"4dd5634\" data-element_type=\"column\" data-settings=\"{&quot;background_background&quot;:&quot;classic&quot;}\">\n\t\t\t<div class=\"elementor-widget-wrap elementor-element-populated\">\n\t\t\t\t\t\t<div class=\"elementor-element elementor-element-795ceec elementor-widget elementor-widget-heading\" data-id=\"795ceec\" data-element_type=\"widget\" data-widget_type=\"heading.default\">\n\t\t\t\t<div class=\"elementor-widget-container\">\n\t\t\t\t\t<h2 class=\"elementor-heading-title elementor-size-default\">Marketing Digital<\/h2>\t\t\t\t<\/div>\n\t\t\t\t<\/div>\n\t\t\t\t<div class=\"elementor-element elementor-element-3837821 elementor-widget elementor-widget-text-editor\" data-id=\"3837821\" data-element_type=\"widget\" data-widget_type=\"text-editor.default\">\n\t\t\t\t<div class=\"elementor-widget-container\">\n\t\t\t\t\t\t\t\t\t<ul><li><span style=\"color: #333333;\">Aide \u00e0 l&rsquo;optimisation des ventes;<\/span><\/li><li><span style=\"color: #333333;\">Cr\u00e9ation de diff\u00e9rents process et strat\u00e9gie marketing;<\/span><\/li><li><span style=\"color: #333333;\">Participation aux diff\u00e9rentes id\u00e9es de projet marketing.\u00a0<\/span><\/li><\/ul>\t\t\t\t\t\t\t\t<\/div>\n\t\t\t\t<\/div>\n\t\t\t\t<div class=\"elementor-element elementor-element-d1fec1e elementor-widget elementor-widget-image\" data-id=\"d1fec1e\" data-element_type=\"widget\" data-widget_type=\"image.default\">\n\t\t\t\t<div class=\"elementor-widget-container\">\n\t\t\t\t\t\t\t\t\t\t\t\t\t\t\t<img loading=\"lazy\" decoding=\"async\" width=\"300\" height=\"199\" src=\"https:\/\/madadesk.agency\/wp-content\/uploads\/2023\/05\/pexels-miguel-a-padrinan-1591056-300x199.jpg\" class=\"attachment-medium size-medium wp-image-2446\" alt=\"\" srcset=\"https:\/\/madadesk.agency\/wp-content\/uploads\/2023\/05\/pexels-miguel-a-padrinan-1591056-300x199.jpg 300w, https:\/\/madadesk.agency\/wp-content\/uploads\/2023\/05\/pexels-miguel-a-padrinan-1591056-1024x681.jpg 1024w, https:\/\/madadesk.agency\/wp-content\/uploads\/2023\/05\/pexels-miguel-a-padrinan-1591056-768x511.jpg 768w, https:\/\/madadesk.agency\/wp-content\/uploads\/2023\/05\/pexels-miguel-a-padrinan-1591056-1536x1021.jpg 1536w, https:\/\/madadesk.agency\/wp-content\/uploads\/2023\/05\/pexels-miguel-a-padrinan-1591056-2048x1362.jpg 2048w\" sizes=\"(max-width: 300px) 100vw, 300px\" \/>\t\t\t\t\t\t\t\t\t\t\t\t\t\t\t<\/div>\n\t\t\t\t<\/div>\n\t\t\t\t\t<\/div>\n\t\t<\/div>\n\t\t\t\t<div class=\"elementor-column elementor-col-50 elementor-inner-column elementor-element elementor-element-3dd013a\" data-id=\"3dd013a\" data-element_type=\"column\" data-settings=\"{&quot;background_background&quot;:&quot;classic&quot;}\">\n\t\t\t<div class=\"elementor-widget-wrap elementor-element-populated\">\n\t\t\t\t\t\t<div class=\"elementor-element elementor-element-03184de elementor-widget elementor-widget-heading\" data-id=\"03184de\" data-element_type=\"widget\" data-widget_type=\"heading.default\">\n\t\t\t\t<div class=\"elementor-widget-container\">\n\t\t\t\t\t<h2 class=\"elementor-heading-title elementor-size-default\">Suivi de la satisfaction client<\/h2>\t\t\t\t<\/div>\n\t\t\t\t<\/div>\n\t\t\t\t<div class=\"elementor-element elementor-element-637e4cb elementor-widget elementor-widget-text-editor\" data-id=\"637e4cb\" data-element_type=\"widget\" data-widget_type=\"text-editor.default\">\n\t\t\t\t<div class=\"elementor-widget-container\">\n\t\t\t\t\t\t\t\t\t<ul><li style=\"text-align: left;\"><span style=\"color: #333333;\">Prise en charge du trustpilot ou plateforme d&rsquo;annotation;<\/span><\/li><li style=\"text-align: left;\"><span style=\"color: #333333;\">Gestion des diff\u00e9rents facteurs de satisfaction;<\/span><\/li><li style=\"text-align: left;\"><span style=\"color: #333333;\"><span style=\"color: #333333;\">R\u00e9ponse et gestion des avis clients.<\/span><\/span><\/li><\/ul>\t\t\t\t\t\t\t\t<\/div>\n\t\t\t\t<\/div>\n\t\t\t\t<div class=\"elementor-element elementor-element-4bd1df6 elementor-widget elementor-widget-image\" data-id=\"4bd1df6\" data-element_type=\"widget\" data-widget_type=\"image.default\">\n\t\t\t\t<div class=\"elementor-widget-container\">\n\t\t\t\t\t\t\t\t\t\t\t\t\t\t\t<img loading=\"lazy\" decoding=\"async\" width=\"300\" height=\"199\" src=\"https:\/\/madadesk.agency\/wp-content\/uploads\/2023\/04\/pexels-miguel-a-padrinan-1591060-300x199.jpg\" class=\"attachment-medium size-medium wp-image-2304\" alt=\"\" srcset=\"https:\/\/madadesk.agency\/wp-content\/uploads\/2023\/04\/pexels-miguel-a-padrinan-1591060-300x199.jpg 300w, https:\/\/madadesk.agency\/wp-content\/uploads\/2023\/04\/pexels-miguel-a-padrinan-1591060-1024x681.jpg 1024w, https:\/\/madadesk.agency\/wp-content\/uploads\/2023\/04\/pexels-miguel-a-padrinan-1591060-768x511.jpg 768w, https:\/\/madadesk.agency\/wp-content\/uploads\/2023\/04\/pexels-miguel-a-padrinan-1591060-1536x1021.jpg 1536w, https:\/\/madadesk.agency\/wp-content\/uploads\/2023\/04\/pexels-miguel-a-padrinan-1591060-2048x1362.jpg 2048w\" sizes=\"(max-width: 300px) 100vw, 300px\" \/>\t\t\t\t\t\t\t\t\t\t\t\t\t\t\t<\/div>\n\t\t\t\t<\/div>\n\t\t\t\t\t<\/div>\n\t\t<\/div>\n\t\t\t\t\t<\/div>\n\t\t<\/section>\n\t\t\t\t<div class=\"elementor-element elementor-element-3497bab elementor-widget elementor-widget-spacer\" data-id=\"3497bab\" data-element_type=\"widget\" data-widget_type=\"spacer.default\">\n\t\t\t\t<div class=\"elementor-widget-container\">\n\t\t\t\t\t\t\t<div class=\"elementor-spacer\">\n\t\t\t<div class=\"elementor-spacer-inner\"><\/div>\n\t\t<\/div>\n\t\t\t\t\t\t<\/div>\n\t\t\t\t<\/div>\n\t\t\t\t\t<\/div>\n\t\t<\/div>\n\t\t\t\t\t<\/div>\n\t\t<\/section>\n\t\t\t\t<\/div>\n\t\t","protected":false},"excerpt":{"rendered":"<p>MADADESK A VOTRE SERVICE Confiez vos t\u00e2ches secondaires \u00e0\u00a0un(e) assistant(e) pour \u00eatre plus\u00a0efficace dans vos activit\u00e9s NOUS CONTACTER OFFRES ET PRESTATIONS Gestion du service \u00e0 la client\u00e8le Prise en charge, triage et r\u00e9ponse aux courriels; Gestion du service apr\u00e8s vente; Optimisation des ventes; Traitement des r\u00e9clamations du client; Accompagnement et assistances des clients. Cr\u00e9ation de&#8230;<\/p>\n","protected":false},"author":1,"featured_media":0,"parent":0,"menu_order":0,"comment_status":"closed","ping_status":"closed","template":"","meta":{"om_disable_all_campaigns":false,"_monsterinsights_skip_tracking":false,"_monsterinsights_sitenote_active":false,"_monsterinsights_sitenote_note":"","_monsterinsights_sitenote_category":0,"_kadence_starter_templates_imported_post":false,"_kad_post_transparent":"","_kad_post_title":"hide","_kad_post_layout":"fullwidth","_kad_post_sidebar_id":"","_kad_post_content_style":"unboxed","_kad_post_vertical_padding":"hide","_kad_post_feature":"hide","_kad_post_feature_position":"","_kad_post_header":false,"_kad_post_footer":false,"footnotes":""},"aioseo_notices":[],"_links":{"self":[{"href":"https:\/\/madadesk.agency\/index.php\/wp-json\/wp\/v2\/pages\/2407"}],"collection":[{"href":"https:\/\/madadesk.agency\/index.php\/wp-json\/wp\/v2\/pages"}],"about":[{"href":"https:\/\/madadesk.agency\/index.php\/wp-json\/wp\/v2\/types\/page"}],"author":[{"embeddable":true,"href":"https:\/\/madadesk.agency\/index.php\/wp-json\/wp\/v2\/users\/1"}],"replies":[{"embeddable":true,"href":"https:\/\/madadesk.agency\/index.php\/wp-json\/wp\/v2\/comments?post=2407"}],"version-history":[{"count":17,"href":"https:\/\/madadesk.agency\/index.php\/wp-json\/wp\/v2\/pages\/2407\/revisions"}],"predecessor-version":[{"id":2460,"href":"https:\/\/madadesk.agency\/index.php\/wp-json\/wp\/v2\/pages\/2407\/revisions\/2460"}],"wp:attachment":[{"href":"https:\/\/madadesk.agency\/index.php\/wp-json\/wp\/v2\/media?parent=2407"}],"curies":[{"name":"wp","href":"https:\/\/api.w.org\/{rel}","templated":true}]}}